{"id":30,"date":"2020-08-26T07:08:11","date_gmt":"2020-08-26T07:08:11","guid":{"rendered":"http:\/\/www.bdle.at\/~jannik.kainz\/Weingut_KlugKrainer\/?page_id=30"},"modified":"2021-02-02T14:21:33","modified_gmt":"2021-02-02T14:21:33","slug":"weinverkostung","status":"publish","type":"page","link":"https:\/\/klug-krainer.at\/index.php\/weinverkostung\/","title":{"rendered":"Weinverkostung"},"content":{"rendered":"\n<p>Besuchen Sie uns in unserem Verkostungsraum!<br>Jeder neue Jahrgang ist ein Grund, unseren Weinhof in Bad Gams einmal pers\u00f6nlich zu entdecken. Nehmen Sie sich Zeit &#8211; Zeit f\u00fcr einen faszinierenden Ausflug!<br>Unsere Produkte k\u00f6nnen Sie am Weinhof verkosten und zu Ab-Hof-Preisen erwerben.<br>Auch F\u00fchrungen \u201cVon der Rebe bis zum Keller\u201d\u00a0 sind bei Voranmeldung m\u00f6glich.<br>Alle genannten Produkte k\u00f6nnen individuell abgef\u00fcllt und verpackt werden und sind somit eine exklusive Geschenksidee.<\/p>\n\n\n<p>\r\n\t\t\t\t\t\n\r\n\t\t\t\t\t<!-- START UNITE GALLERY LITE 1.7.54 -->\r\n\t\t\t\t\t\r\n\t\t\t\t\n\t\t\t<div id='unitegallery_2_1' class='unite-gallery'>\n\t\t\t\t\n\n\t\t\t\t\t\t<img alt=\"DSC_0081\"\n\t\t\t\t\t\t     src=\"\" data-image=\"https:\/\/klug-krainer.at\/wp-content\/uploads\/2021\/02\/DSC_0081-scaled.jpg\"\n\t\t\t\t\t\t     data-thumb=\"https:\/\/klug-krainer.at\/wp-content\/uploads\/2021\/02\/DSC_0081-300x200.jpg\"\n\t\t\t\t\t\t     title=\"\"\n\t\t\t\t\t\t     style=\"display:none\">\n\n\t\t\t\t\t\t<img alt=\"DSC_0032\"\n\t\t\t\t\t\t     src=\"\" data-image=\"https:\/\/klug-krainer.at\/wp-content\/uploads\/2021\/02\/DSC_0032-scaled.jpg\"\n\t\t\t\t\t\t     data-thumb=\"https:\/\/klug-krainer.at\/wp-content\/uploads\/2021\/02\/DSC_0032-300x200.jpg\"\n\t\t\t\t\t\t     title=\"\"\n\t\t\t\t\t\t     style=\"display:none\">\n\n\t\t\t\t\t\t<img alt=\"DSC_0029\"\n\t\t\t\t\t\t     src=\"\" data-image=\"https:\/\/klug-krainer.at\/wp-content\/uploads\/2021\/02\/DSC_0029-scaled.jpg\"\n\t\t\t\t\t\t     data-thumb=\"https:\/\/klug-krainer.at\/wp-content\/uploads\/2021\/02\/DSC_0029-300x200.jpg\"\n\t\t\t\t\t\t     title=\"\"\n\t\t\t\t\t\t     style=\"display:none\">\n\n\t\t\t\t\t\t<img alt=\"DSC_0030\"\n\t\t\t\t\t\t     src=\"\" data-image=\"https:\/\/klug-krainer.at\/wp-content\/uploads\/2021\/02\/DSC_0030-scaled.jpg\"\n\t\t\t\t\t\t     data-thumb=\"https:\/\/klug-krainer.at\/wp-content\/uploads\/2021\/02\/DSC_0030-300x200.jpg\"\n\t\t\t\t\t\t     title=\"\"\n\t\t\t\t\t\t     style=\"display:none\">\n\n\t\t\t\t\t\t<img alt=\"DSC_0027\"\n\t\t\t\t\t\t     src=\"\" data-image=\"https:\/\/klug-krainer.at\/wp-content\/uploads\/2021\/02\/DSC_0027-scaled.jpg\"\n\t\t\t\t\t\t     data-thumb=\"https:\/\/klug-krainer.at\/wp-content\/uploads\/2021\/02\/DSC_0027-300x200.jpg\"\n\t\t\t\t\t\t     title=\"\"\n\t\t\t\t\t\t     style=\"display:none\">\n\t\t\t<\/div>\n\n\t\t\t<script type='text\/javascript'>\n\t\t\t\twindow.onload = function(e) {\n\t\t\t\t\tif(typeof ugCheckForErrors == \"undefined\"){\n\t\t\t\t\t\tdocument.getElementById(\"unitegallery_2_1\").innerHTML = \"<span style='color:red'>Unite Gallery Error - gallery js and css files not included in the footer. Please make sure that wp_footer() function is added to your theme.<\/span>\";}\n\t\t\t\t\telse{ ugCheckForErrors(\"unitegallery_2_1\", \"jquery\");}\n\t\t\t\t};\n\t\t\t<\/script>\n\n\t\t\t<!-- END UNITEGALLERY LITE--><\/p>\n","protected":false},"excerpt":{"rendered":"<p>Besuchen Sie uns in unserem Verkostungsraum!Jeder neue Jahrgang ist ein Grund, unseren Weinhof in Bad Gams einmal pers\u00f6nlich zu entdecken. Nehmen Sie sich Zeit &#8211; Zeit f\u00fcr einen faszinierenden Ausflug!Unsere Produkte k\u00f6nnen Sie am Weinhof verkosten und zu Ab-Hof-Preisen erwerben.Auch F\u00fchrungen \u201cVon der Rebe bis zum Keller\u201d\u00a0 sind bei Voranmeldung m\u00f6glich.Alle genannten Produkte k\u00f6nnen individuell&hellip; <br \/> <a class=\"read-more\" href=\"https:\/\/klug-krainer.at\/index.php\/weinverkostung\/\">Read more<\/a><\/p>\n","protected":false},"author":1,"featured_media":0,"parent":0,"menu_order":0,"comment_status":"closed","ping_status":"closed","template":"","meta":[],"_links":{"self":[{"href":"https:\/\/klug-krainer.at\/index.php\/wp-json\/wp\/v2\/pages\/30"}],"collection":[{"href":"https:\/\/klug-krainer.at\/index.php\/wp-json\/wp\/v2\/pages"}],"about":[{"href":"https:\/\/klug-krainer.at\/index.php\/wp-json\/wp\/v2\/types\/page"}],"author":[{"embeddable":true,"href":"https:\/\/klug-krainer.at\/index.php\/wp-json\/wp\/v2\/users\/1"}],"replies":[{"embeddable":true,"href":"https:\/\/klug-krainer.at\/index.php\/wp-json\/wp\/v2\/comments?post=30"}],"version-history":[{"count":2,"href":"https:\/\/klug-krainer.at\/index.php\/wp-json\/wp\/v2\/pages\/30\/revisions"}],"predecessor-version":[{"id":316,"href":"https:\/\/klug-krainer.at\/index.php\/wp-json\/wp\/v2\/pages\/30\/revisions\/316"}],"wp:attachment":[{"href":"https:\/\/klug-krainer.at\/index.php\/wp-json\/wp\/v2\/media?parent=30"}],"curies":[{"name":"wp","href":"https:\/\/api.w.org\/{rel}","templated":true}]}}