{"id":499,"date":"2021-03-05T15:23:40","date_gmt":"2021-03-05T15:23:40","guid":{"rendered":"http:\/\/www.bdle.at\/~jannik.kainz\/Weingut_KlugKrainer\/?page_id=499"},"modified":"2021-03-05T15:33:20","modified_gmt":"2021-03-05T15:33:20","slug":"uber-den-hof","status":"publish","type":"page","link":"https:\/\/klug-krainer.at\/index.php\/uber-den-hof\/","title":{"rendered":"\u00dcber den Hof"},"content":{"rendered":"\n<p><\/p>\n\n\n\n<div class=\"wp-block-media-text alignwide has-media-on-the-right is-stacked-on-mobile\"><figure class=\"wp-block-media-text__media\"><img loading=\"lazy\" width=\"1024\" height=\"576\" src=\"https:\/\/klug-krainer.at\/wp-content\/uploads\/2021\/03\/IMG-20200815-WA0016-1024x576.jpg\" alt=\"\" class=\"wp-image-506 size-full\" srcset=\"https:\/\/klug-krainer.at\/wp-content\/uploads\/2021\/03\/IMG-20200815-WA0016-1024x576.jpg 1024w, https:\/\/klug-krainer.at\/wp-content\/uploads\/2021\/03\/IMG-20200815-WA0016-300x169.jpg 300w, https:\/\/klug-krainer.at\/wp-content\/uploads\/2021\/03\/IMG-20200815-WA0016-768x432.jpg 768w, https:\/\/klug-krainer.at\/wp-content\/uploads\/2021\/03\/IMG-20200815-WA0016-1536x864.jpg 1536w, https:\/\/klug-krainer.at\/wp-content\/uploads\/2021\/03\/IMG-20200815-WA0016.jpg 1600w\" sizes=\"(max-width: 1024px) 100vw, 1024px\" \/><\/figure><div class=\"wp-block-media-text__content\">\n<p>Wie es unser Name schon verratet, ist bei uns der Schilcher zu Hause. Die N\u00e4he rund um Wildbach dem Ursprung des Bauen Wildbachers, hat den Schilcherweinhof seit langem gepr\u00e4gt, Sodass die nachweislich \u00e4lteste Riede im Raum Bad Gams ausschlie\u00dflich im Besitz unseres Hofes ist. Die Riede Pinditen bietet mit ihren Urgestein Verwitterungsboden und der S\u00fcd-Ost Ausrichtung den besten Standort f\u00fcr den Bauen Wildbacher aus dem der Ros\u00e9 Schilcher&#8221; gekeltert wird. Der Name stammt von der Rubinroten schillernden Farbe des Schilchers.<\/p>\n\n\n\n<p>Aus der Rebsorte Blauer Wildbacher ergibt sich aber auch ein Rotwein mit kr\u00e4ftigem Tannin, Cassis und eine Ausstrahlung eines dunklen Beerenmix.<\/p>\n\n\n\n<p>Damit F\u00fcr Weinliebhaber nicht zu kurz kommen, werden neben dem Schilcher auch die Wei\u00dfweinsorten Wei\u00dfburgunder und Gelber Muskateller in all ihren Variationen ausgebaut<\/p>\n<\/div><\/div>\n\n\n\n<div class=\"wp-block-media-text alignwide has-media-on-the-right is-stacked-on-mobile\"><figure class=\"wp-block-media-text__media\"><img loading=\"lazy\" width=\"1024\" height=\"576\" src=\"https:\/\/klug-krainer.at\/wp-content\/uploads\/2021\/03\/IMG-20200815-WA0010-1024x576.jpg\" alt=\"\" class=\"wp-image-507 size-full\" srcset=\"https:\/\/klug-krainer.at\/wp-content\/uploads\/2021\/03\/IMG-20200815-WA0010-1024x576.jpg 1024w, https:\/\/klug-krainer.at\/wp-content\/uploads\/2021\/03\/IMG-20200815-WA0010-300x169.jpg 300w, https:\/\/klug-krainer.at\/wp-content\/uploads\/2021\/03\/IMG-20200815-WA0010-768x432.jpg 768w, https:\/\/klug-krainer.at\/wp-content\/uploads\/2021\/03\/IMG-20200815-WA0010-1536x864.jpg 1536w, https:\/\/klug-krainer.at\/wp-content\/uploads\/2021\/03\/IMG-20200815-WA0010.jpg 1600w\" sizes=\"(max-width: 1024px) 100vw, 1024px\" \/><\/figure><div class=\"wp-block-media-text__content\">\n<p>Neben den 4 ha Rebfl\u00e4che (25% Wei\u00dfwein und 75% Ros\u00e9 als Schilcher) bewirtschaften wir 3 ha Obst rein biologisch. Wir ernten ausschlie\u00dflich h\u00e4ndisch und erst nach genauer Selektion werden die Trauben verarbeitet. In der Verarbeitung setzten wir auf sorgf\u00e4ltige und schonende Kellertechnik<\/p>\n\n\n\n<p>Nur so k\u00f6nnen wir Geradlinigkeit. Sorten- und Jahrgang Typizit\u00e4t unserer qualitativ hochwertigen Weine garantieren Wir legen sehr gro\u00dfen Wert auf nachhaltige Bewirtschaftung unserer Ertrag St\u00e4bchen, damit auch die n\u00e4chste Generation \u00c4hnliche Bedingungen vorfindet.<\/p>\n<\/div><\/div>\n","protected":false},"excerpt":{"rendered":"<p>Wie es unser Name schon verratet, ist bei uns der Schilcher zu Hause. Die N\u00e4he rund um Wildbach dem Ursprung des Bauen Wildbachers, hat den Schilcherweinhof seit langem gepr\u00e4gt, Sodass die nachweislich \u00e4lteste Riede im Raum Bad Gams ausschlie\u00dflich im Besitz unseres Hofes ist. Die Riede Pinditen bietet mit ihren Urgestein Verwitterungsboden und der S\u00fcd-Ost&hellip; <br \/> <a class=\"read-more\" href=\"https:\/\/klug-krainer.at\/index.php\/uber-den-hof\/\">Read more<\/a><\/p>\n","protected":false},"author":1,"featured_media":0,"parent":0,"menu_order":0,"comment_status":"closed","ping_status":"closed","template":"","meta":[],"_links":{"self":[{"href":"https:\/\/klug-krainer.at\/index.php\/wp-json\/wp\/v2\/pages\/499"}],"collection":[{"href":"https:\/\/klug-krainer.at\/index.php\/wp-json\/wp\/v2\/pages"}],"about":[{"href":"https:\/\/klug-krainer.at\/index.php\/wp-json\/wp\/v2\/types\/page"}],"author":[{"embeddable":true,"href":"https:\/\/klug-krainer.at\/index.php\/wp-json\/wp\/v2\/users\/1"}],"replies":[{"embeddable":true,"href":"https:\/\/klug-krainer.at\/index.php\/wp-json\/wp\/v2\/comments?post=499"}],"version-history":[{"count":4,"href":"https:\/\/klug-krainer.at\/index.php\/wp-json\/wp\/v2\/pages\/499\/revisions"}],"predecessor-version":[{"id":508,"href":"https:\/\/klug-krainer.at\/index.php\/wp-json\/wp\/v2\/pages\/499\/revisions\/508"}],"wp:attachment":[{"href":"https:\/\/klug-krainer.at\/index.php\/wp-json\/wp\/v2\/media?parent=499"}],"curies":[{"name":"wp","href":"https:\/\/api.w.org\/{rel}","templated":true}]}}